{"id":3,"date":"2020-05-04T15:34:41","date_gmt":"2020-05-04T18:34:41","guid":{"rendered":"http:\/\/ajuda.apppersonalfit.com.br\/aluno\/?page_id=3"},"modified":"2020-05-11T15:36:05","modified_gmt":"2020-05-11T18:36:05","slug":"politica-de-privacidade","status":"publish","type":"page","link":"https:\/\/ajuda.apppersonalfit.com.br\/aluno\/politica-de-privacidade\/","title":{"rendered":"Pol\u00edtica de privacidade"},"content":{"rendered":"<p><em>Bem-vind@ ao Ambiente Virtual da R.L. SERVI\u00c7OS ADMINISTRATIVOS LTDA-ME (GTX TECH&amp;XPERIENCE)<\/em><\/p>\n<p><strong>A R.L. SERVI\u00c7OS ADMINISTRATIVOS LTDA-ME (GTX TECH&amp;XPERIENCE), pessoa jur\u00eddica de direito privado, inscrita no CNPJ: 27.928.626\/0001-19, sediada em Goi\u00e2nia\/GO, agradece Voc\u00ea por usar nossos produtos e servi\u00e7os. Ao us\u00e1-los, Voc\u00ea est\u00e1 concordando com estes termos descritos. Leia-os com aten\u00e7\u00e3o.<\/strong><\/p>\n<p>\u00c9 preciso que Voc\u00ea siga as pol\u00edticas disponibilizadas a Voc\u00ea dentro dos servi\u00e7os. N\u00e3o fa\u00e7a uso indevido de nossos servi\u00e7os. Voc\u00ea pode us\u00e1-los somente conforme permitido por lei. Podemos suspender ou deixar de fornecer nossos servi\u00e7os se Voc\u00ea descumprir nossos termos ou pol\u00edticas ou se estivermos investigando casos de suspeita de m\u00e1 conduta.<\/p>\n<p>O uso de nossos servi\u00e7os n\u00e3o lhe confere a propriedade sobre direitos de propriedade intelectual sobre os nossos servi\u00e7os ou sobre o conte\u00fado que Voc\u00ea acessar. Voc\u00ea n\u00e3o pode usar conte\u00fados de nossos servi\u00e7os a menos que obtenha nossa permiss\u00e3o, por meio contratual ou que o fa\u00e7a por algum meio permitido por lei. Estes termos n\u00e3o conferem a Voc\u00ea o direito de usar quaisquer marcas ou logotipos utilizados em nossos servi\u00e7os. N\u00e3o remova, oculte ou altere quaisquer avisos legais exibidos em, ou junto a nossos servi\u00e7os.<\/p>\n<p>Nossos servi\u00e7os exibem alguns conte\u00fados que n\u00e3o s\u00e3o de nossa propriedade ou autoria. Esses conte\u00fados s\u00e3o de exclusiva responsabilidade da pessoa ou empresa que os disponibiliza. Podemos enviar-lhe an\u00fancios de servi\u00e7os, mensagens administrativas e outras informa\u00e7\u00f5es, que Voc\u00ea desde j\u00e1 autoriza.<\/p>\n<p>Com rela\u00e7\u00e3o aos seus dados, observamos a pol\u00edtica de privacidade que definem como tratamos seus dados pessoais e protegemos sua privacidade quando Voc\u00ea usa nossos servi\u00e7os. Ao utiliz\u00e1-los, Voc\u00ea concorda que n\u00f3s, nossos parceiros e terceiros podem usar esses dados de acordo com nossas pol\u00edticas de privacidade.<\/p>\n<p>Se Voc\u00ea faz uso comercial de nossos servi\u00e7os em nome de uma empresa, como por exemplo, na divulga\u00e7\u00e3o de sua empresa, divulga\u00e7\u00e3o ou comercializa\u00e7\u00e3o de produtos ou servi\u00e7os, a Empresa aceita estes termos e isentar\u00e1 de responsabilidade e indenizar\u00e1 a GTX TECH&amp;XPERIENCE e suas afiliadas, executivos, agentes e trabalhadores de qualquer reivindica\u00e7\u00e3o, processo ou a\u00e7\u00e3o judicial proveniente de, ou relacionado ao uso dos servi\u00e7os ou \u00e0 viola\u00e7\u00e3o destes termos, incluindo qualquer responsabilidade ou despesa resultante de reivindica\u00e7\u00f5es, perdas, danos, processos, julgamentos, custos de lit\u00edgio e honor\u00e1rios advocat\u00edcios.<\/p>\n<p>VOC\u00ca CONCORDA QUE A GTX TECH&amp;XPERIENCE DIVULGAR\u00c1 SEU NOME OU MARCA PARA DENOMINAR QUAISQUER APLICATIVOS M\u00d3VEIS QUE FOREM CONTRATOS POR VOC\u00ca PARA SEREM PERSONALIZADOS E DISPONIBILIZADOS EM LOJAS DE APLICATIVOS, PARA FINS DE PRESTA\u00c7\u00c3O DE SERVI\u00c7OS DE SOFTWARE E COM\u00c9RCIO VIRTUAL NAS LOJAS APP STORE\u00ae E PLAY STORE\u00ae, SEM QUE ISSO SIGNIFIQUE QUE HAVER\u00c1 TRANSFER\u00caNCIA DA PROPRIEDADE DO SOFTWARE. VOC\u00ca CONCORDA TAMB\u00c9M QUE A GTX TECH&amp;XPERIENCE POSSA DIVULGAR O FECHAMENTO DO CONTRATO DE SERVI\u00c7OS TANTO DOS SOFTWARES PRINCIPAIS COMO DOS M\u00d3DULOS E APLICATIVOS PARA FINS COMERCIAIS. PODENDO, INCLUSIVE, DIVULGAR MENSAGENS ENVIADAS DE FORMA ESCRITA OU ORAL, POR TELEFONE, PARA USO EM SITES, JORNAIS, REVISTAS E OUTRAS CAMPANHAS COMERCIAIS OU DE MARKETING, ENQUANTO VIGORAR O PRESENTE TERMO. VOC\u00ca ACEITA, AINDA, RECEBER NOTIFICA\u00c7\u00d5ES VIA CORREIO ELETR\u00d4NICO SOBRE TREINAMENTOS, PARCERIAS E CAMPANHAS RELACIONADAS AOS SOFTWARES, M\u00d3DULOS E APLICATIVOS.<\/p>\n<p><em>Estes termos ou quaisquer termos adicionais poder\u00e3o ser alterados a qualquer tempo por for\u00e7a de altera\u00e7\u00f5es de leis ou mudan\u00e7as em nossos servi\u00e7os. Voc\u00ea deve consultar os termos regularmente.<\/em><\/p>\n<p>N\u00f3s respondemos \u00e0s notifica\u00e7\u00f5es de alega\u00e7\u00e3o de viola\u00e7\u00e3o de direitos autorais e encerramos contas de infratores reincidentes de acordo com os procedimentos estabelecidos na legisla\u00e7\u00e3o brasileira vigente. Fornecemos informa\u00e7\u00f5es para ajudar os detentores de direitos autorais a gerenciarem sua propriedade intelectual on-line. Caso Voc\u00ea entenda que algu\u00e9m est\u00e1 violando seus direitos autorais e quiser nos notificar, Voc\u00ea pode encontrar informa\u00e7\u00f5es sobre o envio de notifica\u00e7\u00f5es em nossa Central de Ajuda. Alguns de nossos servi\u00e7os permitem que Voc\u00ea envie conte\u00fado e aquilo que for produzido por Voc\u00ea, pertence a Voc\u00ea que responder\u00e1 \u00fanica e exclusivamente pelas consequ\u00eancias oriundas desses conte\u00fados.<\/p>\n<p>Quando Voc\u00ea faz upload ou de algum modo envia conte\u00fado a nossos servi\u00e7os, Voc\u00ea concede \u00e0 GTX TECH&amp;XPERIENCE, e \u00e0queles com quem trabalhamos, autoriza\u00e7\u00e3o para usar, hospedar, armazenar, reproduzir, modificar, criar obras, comunicar, publicar, executar e exibir publicamente e distribuir tal conte\u00fado. Todo e qualquer conte\u00fado disponibilizado nos softwares, m\u00f3dulos, aplicativos e no Portal da GTX TECH&amp;XPERIENCE, tais como, mas n\u00e3o se limitando a, textos, gr\u00e1ficos, imagens, logos, \u00edcones, fotografias, conte\u00fado editorial, notifica\u00e7\u00f5es, softwares e qualquer outro material, s\u00e3o de inteira responsabilidade dos seus autores, mas, uma vez publicado a GTX TECH&amp;XPERIENCE poder\u00e1 fazer uso dos mesmos. Os direitos que Voc\u00ea concede ao usar nossos produtos e servi\u00e7os s\u00e3o para os fins restritos de opera\u00e7\u00e3o, promo\u00e7\u00e3o e melhoria de nossos servi\u00e7os e de desenvolvimento dos novos servi\u00e7os. Essa licen\u00e7a perdura mesmo que Voc\u00ea deixe de usar nossos servi\u00e7os (por exemplo, fotografias, filmagens, textos, entre outros). Certifique-se de que o conte\u00fado que Voc\u00ea publicar, ao usar nossos servi\u00e7os, n\u00e3o implique em viola\u00e7\u00e3o de normas aplic\u00e1veis no Brasil, de direitos de propriedade da GTX TECH&amp;XPERIENCE e\/ou de terceiros ou dos bons costumes, incluindo, sem limita\u00e7\u00e3o, a viola\u00e7\u00e3o de direitos intelectuais, autorais e de privacidade, ou a produ\u00e7\u00e3o e divulga\u00e7\u00e3o de conte\u00fado ilegal, imoral, inapropriado ou ofensivo;<\/p>\n<p>Para ter uma melhor experi\u00eancia com o uso dos nossos servi\u00e7os n\u00f3s os alteramos e atualizamos constantemente, para tanto, podemos incluir ou remover funcionalidades ou recursos e podemos assim como suspender ou encerrar um servi\u00e7o. Voc\u00ea pode cancelar a qualquer momento nossos servi\u00e7os, contr\u00e1rio \u00e0 nossa vontade, mas n\u00f3s tamb\u00e9m podemos cancelar a presta\u00e7\u00e3o dos nossos servi\u00e7os ou criar novos limites de uso.<\/p>\n<p>A GTX TECH&amp;XPERIENCE concede a Voc\u00ea uma licen\u00e7a pessoal, n\u00e3o exclusiva, intransfer\u00edvel para o uso do software fornecido como parte dos servi\u00e7os. Essa licen\u00e7a tem como \u00fanico objetivo permitir que Voc\u00ea use e aproveite o benef\u00edcio dos servi\u00e7os. Voc\u00ea n\u00e3o poder\u00e1 copiar, modificar, distribuir, vender ou alugar qualquer parte de nossos servi\u00e7os ou o software incluso, nem poder\u00e1 fazer engenharia reversa ou tentar extrair o c\u00f3digo fonte desse software, exceto nos casos em que a legisla\u00e7\u00e3o proibir tais restri\u00e7\u00f5es, ou quando Voc\u00ea tiver nossa permiss\u00e3o por escrito.<br \/>\nResponsabilizamo-nos apenas por aquilo que est\u00e1 expressamente previsto nestes termos ou em termos adicionais. N\u00e3o nos responsabilizamos, contudo, por quaisquer atos praticados por fornecedores ou distribuidores que oferecem quaisquer garantias sobre os seus pr\u00f3prios servi\u00e7os. Como \u00e9 o caso, por exemplo, dos propriet\u00e1rios das lojas virtuais anunciadas nos nossos aplicativos, por conte\u00fado publicado por profissionais da \u00e1rea de sa\u00fade, nutri\u00e7\u00e3o, pr\u00e1tica esportiva e outros.<\/p>\n<p>A GTX TECH&amp;XPERIENCE n\u00e3o ser\u00e1 respons\u00e1vel por perda de lucros, perda de receita, perda de dados, perdas financeiras ou por danos indiretos, especiais, consequenciais, exemplares ou punitivos. Em todo caso, para qualquer reclama\u00e7\u00e3o sob estes termos, incluindo quaisquer garantias impl\u00edcitas, limitar-se-\u00e1 ao valor que Voc\u00ea pagou pelo uso dos softwares, m\u00f3dulos e aplicativos ou por qualquer servi\u00e7o adquirido onerosamente.<\/p>\n<p>A GTX TECH&amp;XPERIENCE, seus fornecedores, terceiros e distribuidores n\u00e3o ser\u00e3o respons\u00e1veis por qualquer perda ou dano que n\u00e3o seja razoavelmente previs\u00edvel ou determinada por lei.<br \/>\nVoc\u00ea s\u00f3 ter\u00e1 acesso aos softwares e m\u00f3dulos se estiver devidamente credenciado, e aos aplicativos quando estiver matriculado(a) e ativo(a) na academia contratante com GTX TECH&amp;XPERIENCE e, seu acesso ser\u00e1 suspenso e\/ou cancelado caso o contrato de credenciamento ao M\u00c9TODO DE GEST\u00c3O GTX TECH&amp;XPERIENCE e presta\u00e7\u00e3o de servi\u00e7os (SaaS) e ou do pr\u00f3prio aplicativo seja(m) por qualquer raz\u00e3o suspensos e\/ou cancelado(s) pela academia.<\/p>\n<p>DA REMUNERA\u00c7\u00c3O E FORMA DE PAGAMENTO, os produtos e servi\u00e7os GTX TECH&amp;XPERIENCE contratados por Voc\u00ea, estar\u00e3o especificados em proposta comercial inicial, contrato(s), aditivos contratuais, este termo dentre outros documentos regulat\u00f3rios formam um conjunto de regras que devem ser observadas por Voc\u00ea. Ser\u00e1 devido pagamento do(s) valor(es) referente ao plano escolhido de acordo com a periodicidade definida e op\u00e7\u00f5es de pagamento disponibilizadas. A falta de pagamento nas datas determinadas para seu vencimento acarretar\u00e1 a suspens\u00e3o de acesso aos nossos servi\u00e7os at\u00e9 que as pend\u00eancias financeiras sejam regularizadas. E caso a suspens\u00e3o permane\u00e7a por prazo superior a 60 (sessenta) dias, a GTX TECH&amp;XPERIENCE considerar\u00e1 extinta a rela\u00e7\u00e3o contratual, de acordo com as regras previstas na proposta comercial, contrato, aditivos e\/ou neste termo, podendo inclusive e sem aviso pr\u00e9vio, excluir integralmente as informa\u00e7\u00f5es lan\u00e7adas no aplicativo por Voc\u00ea.<\/p>\n<p>Os valores estabelecidos no ato da formaliza\u00e7\u00e3o do aceite s\u00e3o para pagamento antecipado ao uso. Este valor poder\u00e1 ser alterado a qualquer tempo pela GTX TECH&amp;XPERIENCE.Voc\u00ea pode n\u00e3o renovar o contrato, de acordo com as regras estabelecidas na cl\u00e1usula respectiva, e o acesso ao aplicativo caso discorde dos novos valores apresentados..<\/p>\n<p>Caso Voc\u00ea tenha adquirido a vers\u00e3o premium do aplicativo e cancele o contrato com a academia, Voc\u00ea n\u00e3o ter\u00e1 o valor devolvido. Se o contrato da academia com a GTX TECH&amp;XPERIENCE for cancelado, seu acesso ao aplicativo ser\u00e1 cancelado e Voc\u00ea n\u00e3o ter\u00e1 acesso aos treinos, hor\u00e1rios de aulas e demais funcionalidades, sendo que caber\u00e1 \u00e0 academia devolver o valor (pro rata) pelo per\u00edodo que Voc\u00ea deixar de ter acesso.<\/p>\n<p>Voc\u00ea \u00e9 respons\u00e1vel pela veracidade, validade e precis\u00e3o das informa\u00e7\u00f5es fornecidas no seu cadastro, inclusive em rela\u00e7\u00e3o \u00e0 indica\u00e7\u00e3o de endere\u00e7o de e-mail v\u00e1lido de sua titularidade, competindo-lhe, ainda, manter referido cadastro sempre atualizado. A GTX TECH&amp;XPERIENCE n\u00e3o ter\u00e1 qualquer obriga\u00e7\u00e3o de fiscalizar as informa\u00e7\u00f5es fornecidas por Voc\u00ea, mas poder\u00e1, ao seu exclusivo crit\u00e9rio, excluir as informa\u00e7\u00f5es que lhe pare\u00e7am inver\u00eddicas ou ofensivas.<\/p>\n<h3>O seu login e senhas para acesso aos softwares e aplicativos GTX TECH&amp;XPERIENCE s\u00e3o confidenciais e de sua exclusiva responsabilidade.<\/h3>\n<p>A GTX TECH&amp;XPERIENCE n\u00e3o garante que as fun\u00e7\u00f5es dos softwares, m\u00f3dulos e aplicativos atendam a todas suas necessidades, ou que sua opera\u00e7\u00e3o ser\u00e1 ininterrupta ou livre de erros e que qualquer funcionalidade continuar\u00e1 dispon\u00edvel.<\/p>\n<p>Este termo viger\u00e1 por prazo indeterminado, a partir do seu aceite, podendo ser modificado ou rescindido unilateralmente pela GTX TECH&amp;XPERIENCE a qualquer tempo, sem qualquer \u00f4nus, podendo encaminhar simples comunica\u00e7\u00e3o diretamente nos softwares, m\u00f3dulos e aplicativos ou de mensagem para o e-mail indicado no seu cadastro pessoal.<br \/>\nEste Termo n\u00e3o gera nenhum contrato de sociedade, de mandato, franquia ou rela\u00e7\u00e3o de trabalho entre a GTX TECH&amp;XPERIENCE e Voc\u00ea, seus Parceiros e\/ou Anunciantes.<br \/>\nEm caso de conflito entre este Termo e os adicionais, os termos adicionais prevalecer\u00e3o com rela\u00e7\u00e3o a esse conflito. Estes Termos regem a rela\u00e7\u00e3o entre GTX TECH&amp;XPERIENCE e seus parceiros, terceiros e Voc\u00ea. Eles n\u00e3o criam quaisquer direitos para terceiros.<\/p>\n<p>O n\u00e3o cumprimento por Voc\u00ea desses termos e se n\u00f3s n\u00e3o tomarmos provid\u00eancias imediatas, isso n\u00e3o significa que estamos renunciando a quaisquer direitos que possamos exigir no futuro.<br \/>\nCaso uma condi\u00e7\u00e3o espec\u00edfica destes termos n\u00e3o seja execut\u00e1vel, isso n\u00e3o prejudicar\u00e1 quaisquer outros termos.<\/p>\n<p>Todas as reclama\u00e7\u00f5es decorrentes de\/ou relacionadas com esses termos ou servi\u00e7os ser\u00e3o litigadas exclusivamente nos tribunais da Comarca de Goi\u00e2nia, Goi\u00e1s. Foro de elei\u00e7\u00e3o que Voc\u00ea concorda.<\/p>\n<h3>DECLARA\u00c7\u00c3O DE VONTADE<\/h3>\n<p>VOC\u00ca DECLARA TER CI\u00caNCIA DOS DIREITOS E OBRIGA\u00c7\u00d5ES DECORRENTES DO PRESENTE TERMO, CONSTITUINDO ESTE INSTRUMENTO ACORDO ENTRE AS PARTES. DECLARA, AINDA, TER LIDO, COMPREENDIDO E ACEITO TODOS OS TERMOS DE USO E POL\u00cdTICA DE PRIVACIDADE. O QUAL PODER\u00c1 SER USADO COMO PROVA DE SUA ACEITA\u00c7\u00c3O INDEPENDENTE DE OUTRA FORMALIDADE.<\/p>\n<p><strong>\u00daltima atualiza\u00e7\u00e3o dia 04\/02\/2019<\/strong><\/p>\n","protected":false},"excerpt":{"rendered":"<p>Bem-vind@ ao Ambiente Virtual da R.L. SERVI\u00c7OS ADMINISTRATIVOS LTDA-ME (GTX TECH&amp;XPERIENCE) A R.L. SERVI\u00c7OS ADMINISTRATIVOS LTDA-ME (GTX TECH&amp;XPERIENCE), pessoa jur\u00eddica de direito privado, inscrita no CNPJ: 27.928.626\/0001-19, sediada em Goi\u00e2nia\/GO, agradece Voc\u00ea por usar nossos produtos e servi\u00e7os. Ao us\u00e1-los, Voc\u00ea est\u00e1 concordando com estes termos descritos. Leia-os com aten\u00e7\u00e3o. \u00c9 preciso que Voc\u00ea siga &hellip; <a href=\"https:\/\/ajuda.apppersonalfit.com.br\/aluno\/politica-de-privacidade\/\">Continued<\/a><\/p>\n","protected":false},"author":1,"featured_media":0,"parent":0,"menu_order":0,"comment_status":"closed","ping_status":"open","template":"","meta":{"footnotes":""},"class_list":["post-3","page","type-page","status-publish","hentry"],"_links":{"self":[{"href":"https:\/\/ajuda.apppersonalfit.com.br\/aluno\/wp-json\/wp\/v2\/pages\/3","targetHints":{"allow":["GET"]}}],"collection":[{"href":"https:\/\/ajuda.apppersonalfit.com.br\/aluno\/wp-json\/wp\/v2\/pages"}],"about":[{"href":"https:\/\/ajuda.apppersonalfit.com.br\/aluno\/wp-json\/wp\/v2\/types\/page"}],"author":[{"embeddable":true,"href":"https:\/\/ajuda.apppersonalfit.com.br\/aluno\/wp-json\/wp\/v2\/users\/1"}],"replies":[{"embeddable":true,"href":"https:\/\/ajuda.apppersonalfit.com.br\/aluno\/wp-json\/wp\/v2\/comments?post=3"}],"version-history":[{"count":9,"href":"https:\/\/ajuda.apppersonalfit.com.br\/aluno\/wp-json\/wp\/v2\/pages\/3\/revisions"}],"predecessor-version":[{"id":201,"href":"https:\/\/ajuda.apppersonalfit.com.br\/aluno\/wp-json\/wp\/v2\/pages\/3\/revisions\/201"}],"wp:attachment":[{"href":"https:\/\/ajuda.apppersonalfit.com.br\/aluno\/wp-json\/wp\/v2\/media?parent=3"}],"curies":[{"name":"wp","href":"https:\/\/api.w.org\/{rel}","templated":true}]}}