{"id":6,"date":"2017-11-29T12:54:12","date_gmt":"2017-11-29T12:54:12","guid":{"rendered":"http:\/\/104.236.16.244\/knowledgebase-1\/?page_id=6"},"modified":"2020-05-25T13:37:25","modified_gmt":"2020-05-25T16:37:25","slug":"how-can-we-help","status":"publish","type":"page","link":"https:\/\/ajuda.apppersonalfit.com.br\/aluno\/","title":{"rendered":"Bem-vindo(a) \u00e0 Central de Ajuda ao Aluno"},"content":{"rendered":"<div class=\"pakb-section pakb-link pakb-lists\">\n\t<div class=\"uk-child-width-1-3@m\" data-uk-grid>\n\t\t<div><h2 class=\"pakb-accent-color\"><span class=\"pakb-list-icon\"><svg xmlns=\"http:\/\/www.w3.org\/2000\/svg\" viewBox=\"0 0 50 50\" width=\"50\" height=\"50\" fill=\"#666\"><path style=\"line-height:normal;text-indent:0;text-align:start;text-decoration-line:none;text-decoration-style:solid;text-decoration-color:#000;text-transform:none;block-progression:tb;isolation:auto;mix-blend-mode:normal\" d=\"M 5 4 C 3.3544268 4 2 5.3555411 2 7 L 2 16 L 2 26 L 2 43 C 2 44.644459 3.3544268 46 5 46 L 45 46 C 46.645063 46 48 44.645063 48 43 L 48 26 L 48 16 L 48 11 C 48 9.3549372 46.645063 8 45 8 L 18 8 C 18.08657 8 17.96899 8.000364 17.724609 7.71875 C 17.480227 7.437136 17.179419 6.9699412 16.865234 6.46875 C 16.55105 5.9675588 16.221777 5.4327899 15.806641 4.9628906 C 15.391504 4.4929914 14.818754 4 14 4 L 5 4 z M 5 6 L 14 6 C 13.93925 6 14.06114 6.00701 14.308594 6.2871094 C 14.556051 6.5672101 14.857231 7.0324412 15.169922 7.53125 C 15.482613 8.0300588 15.806429 8.562864 16.212891 9.03125 C 16.619352 9.499636 17.178927 10 18 10 L 45 10 C 45.562937 10 46 10.437063 46 11 L 46 13.1875 C 45.685108 13.07394 45.351843 13 45 13 L 5 13 C 4.6481575 13 4.3148915 13.07394 4 13.1875 L 4 7 C 4 6.4364589 4.4355732 6 5 6 z M 5 15 L 45 15 C 45.56503 15 46 15.43497 46 16 L 46 26 L 46 43 C 46 43.562937 45.562937 44 45 44 L 5 44 C 4.4355732 44 4 43.563541 4 43 L 4 26 L 4 16 C 4 15.43497 4.4349698 15 5 15 z\" font-weight=\"400\" font-family=\"sans-serif\" overflow=\"visible\"\/><\/svg><\/span><a href=\"https:\/\/ajuda.apppersonalfit.com.br\/aluno\/kb\/acesso-ao-aplicativo\/\">Acesso ao App<\/a><\/h2><ul class=\"uk-list uk-list-large\"><li><a class=\"pakb-secondary-color\" href=\"https:\/\/ajuda.apppersonalfit.com.br\/aluno\/ajudaaoaluno\/como-fazer-login\/\">Como fazer Login?<\/a><\/li><li><a class=\"pakb-secondary-color\" href=\"https:\/\/ajuda.apppersonalfit.com.br\/aluno\/ajudaaoaluno\/dados-incorretos\/\">Dados incorretos<\/a><\/li><li><a class=\"pakb-secondary-color\" href=\"https:\/\/ajuda.apppersonalfit.com.br\/aluno\/ajudaaoaluno\/servidor-nao-responde\/\">Servidor n\u00e3o responde<\/a><\/li><li><a class=\"pakb-secondary-color\" href=\"https:\/\/ajuda.apppersonalfit.com.br\/aluno\/ajudaaoaluno\/usuario-nao-encontrado\/\">Usu\u00e1rio n\u00e3o encontrado<\/a><\/li><li><a class=\"pakb-secondary-color\" href=\"https:\/\/ajuda.apppersonalfit.com.br\/aluno\/ajudaaoaluno\/aplicativo-nao-encontra-meu-telefone\/\">Aplicativo n\u00e3o encontra meu telefone<\/a><\/li><li><a class=\"pakb-secondary-color\" href=\"https:\/\/ajuda.apppersonalfit.com.br\/aluno\/ajudaaoaluno\/meu-codigo-de-sms-nao-chega-o-que-fazer\/\">Meu c\u00f3digo de SMS n\u00e3o chega. O que fazer?<\/a><\/li><\/ul><div><a class=\"pakb-muted-color uk-margin-small-top uk-margin-remove-bottom\" href=\"https:\/\/ajuda.apppersonalfit.com.br\/aluno\/kb\/acesso-ao-aplicativo\/\">Ver todos 6<\/a><\/div><\/div><div><h2 class=\"pakb-accent-color\"><span class=\"pakb-list-icon\"><svg xmlns=\"http:\/\/www.w3.org\/2000\/svg\" viewBox=\"0 0 50 50\" width=\"50\" height=\"50\" fill=\"#666\"><path style=\"line-height:normal;text-indent:0;text-align:start;text-decoration-line:none;text-decoration-style:solid;text-decoration-color:#000;text-transform:none;block-progression:tb;isolation:auto;mix-blend-mode:normal\" d=\"M 5 4 C 3.3544268 4 2 5.3555411 2 7 L 2 16 L 2 26 L 2 43 C 2 44.644459 3.3544268 46 5 46 L 45 46 C 46.645063 46 48 44.645063 48 43 L 48 26 L 48 16 L 48 11 C 48 9.3549372 46.645063 8 45 8 L 18 8 C 18.08657 8 17.96899 8.000364 17.724609 7.71875 C 17.480227 7.437136 17.179419 6.9699412 16.865234 6.46875 C 16.55105 5.9675588 16.221777 5.4327899 15.806641 4.9628906 C 15.391504 4.4929914 14.818754 4 14 4 L 5 4 z M 5 6 L 14 6 C 13.93925 6 14.06114 6.00701 14.308594 6.2871094 C 14.556051 6.5672101 14.857231 7.0324412 15.169922 7.53125 C 15.482613 8.0300588 15.806429 8.562864 16.212891 9.03125 C 16.619352 9.499636 17.178927 10 18 10 L 45 10 C 45.562937 10 46 10.437063 46 11 L 46 13.1875 C 45.685108 13.07394 45.351843 13 45 13 L 5 13 C 4.6481575 13 4.3148915 13.07394 4 13.1875 L 4 7 C 4 6.4364589 4.4355732 6 5 6 z M 5 15 L 45 15 C 45.56503 15 46 15.43497 46 16 L 46 26 L 46 43 C 46 43.562937 45.562937 44 45 44 L 5 44 C 4.4355732 44 4 43.563541 4 43 L 4 26 L 4 16 C 4 15.43497 4.4349698 15 5 15 z\" font-weight=\"400\" font-family=\"sans-serif\" overflow=\"visible\"\/><\/svg><\/span><a href=\"https:\/\/ajuda.apppersonalfit.com.br\/aluno\/kb\/duvidas-no-treino\/\">Treinando<\/a><\/h2><ul class=\"uk-list uk-list-large\"><li><a class=\"pakb-secondary-color\" href=\"https:\/\/ajuda.apppersonalfit.com.br\/aluno\/ajudaaoaluno\/o-que-e-a-aba-treino\/\">O que \u00e9 a aba treino?<\/a><\/li><li><a class=\"pakb-secondary-color\" href=\"https:\/\/ajuda.apppersonalfit.com.br\/aluno\/ajudaaoaluno\/e-preciso-de-internet-para-executar-meu-treino\/\">\u00c9 preciso de internet para executar meu treino?<\/a><\/li><li><a class=\"pakb-secondary-color\" href=\"https:\/\/ajuda.apppersonalfit.com.br\/aluno\/ajudaaoaluno\/como-executo-minha-ficha-de-treino\/\">Como executo minha ficha de treino?<\/a><\/li><li><a class=\"pakb-secondary-color\" href=\"https:\/\/ajuda.apppersonalfit.com.br\/aluno\/ajudaaoaluno\/nao-estou-conseguindo-iniciar-meu-treino\/\">N\u00e3o estou conseguindo iniciar meu treino<\/a><\/li><li><a class=\"pakb-secondary-color\" href=\"https:\/\/ajuda.apppersonalfit.com.br\/aluno\/ajudaaoaluno\/minha-ficha-de-treino-nao-aparece\/\">Minha ficha de treino n\u00e3o aparece<\/a><\/li><li><a class=\"pakb-secondary-color\" href=\"https:\/\/ajuda.apppersonalfit.com.br\/aluno\/ajudaaoaluno\/nao-consigo-ver-a-imagem-gif-ou-video-do-exercicio\/\">N\u00e3o consigo ver a imagem, gif ou v\u00eddeo do exerc\u00edcio<\/a><\/li><\/ul><div><a class=\"pakb-muted-color uk-margin-small-top uk-margin-remove-bottom\" href=\"https:\/\/ajuda.apppersonalfit.com.br\/aluno\/kb\/duvidas-no-treino\/\">Ver todos 12<\/a><\/div><\/div><div><h2 class=\"pakb-accent-color\"><span class=\"pakb-list-icon\"><svg xmlns=\"http:\/\/www.w3.org\/2000\/svg\" viewBox=\"0 0 50 50\" width=\"50\" height=\"50\" fill=\"#666\"><path style=\"line-height:normal;text-indent:0;text-align:start;text-decoration-line:none;text-decoration-style:solid;text-decoration-color:#000;text-transform:none;block-progression:tb;isolation:auto;mix-blend-mode:normal\" d=\"M 5 4 C 3.3544268 4 2 5.3555411 2 7 L 2 16 L 2 26 L 2 43 C 2 44.644459 3.3544268 46 5 46 L 45 46 C 46.645063 46 48 44.645063 48 43 L 48 26 L 48 16 L 48 11 C 48 9.3549372 46.645063 8 45 8 L 18 8 C 18.08657 8 17.96899 8.000364 17.724609 7.71875 C 17.480227 7.437136 17.179419 6.9699412 16.865234 6.46875 C 16.55105 5.9675588 16.221777 5.4327899 15.806641 4.9628906 C 15.391504 4.4929914 14.818754 4 14 4 L 5 4 z M 5 6 L 14 6 C 13.93925 6 14.06114 6.00701 14.308594 6.2871094 C 14.556051 6.5672101 14.857231 7.0324412 15.169922 7.53125 C 15.482613 8.0300588 15.806429 8.562864 16.212891 9.03125 C 16.619352 9.499636 17.178927 10 18 10 L 45 10 C 45.562937 10 46 10.437063 46 11 L 46 13.1875 C 45.685108 13.07394 45.351843 13 45 13 L 5 13 C 4.6481575 13 4.3148915 13.07394 4 13.1875 L 4 7 C 4 6.4364589 4.4355732 6 5 6 z M 5 15 L 45 15 C 45.56503 15 46 15.43497 46 16 L 46 26 L 46 43 C 46 43.562937 45.562937 44 45 44 L 5 44 C 4.4355732 44 4 43.563541 4 43 L 4 26 L 4 16 C 4 15.43497 4.4349698 15 5 15 z\" font-weight=\"400\" font-family=\"sans-serif\" overflow=\"visible\"\/><\/svg><\/span><a href=\"https:\/\/ajuda.apppersonalfit.com.br\/aluno\/kb\/duvidas-gerais\/\">D\u00favidas Gerais<\/a><\/h2><ul class=\"uk-list uk-list-large\"><li><a class=\"pakb-secondary-color\" href=\"https:\/\/ajuda.apppersonalfit.com.br\/aluno\/ajudaaoaluno\/o-que-e-o-aplicativo-personal-fit\/\">O que \u00e9 o aplicativo Personal Fit?<\/a><\/li><li><a class=\"pakb-secondary-color\" href=\"https:\/\/ajuda.apppersonalfit.com.br\/aluno\/ajudaaoaluno\/__trashed\/\">O que vou encontrar no aplicativo Personal fit?<\/a><\/li><li><a class=\"pakb-secondary-color\" href=\"https:\/\/ajuda.apppersonalfit.com.br\/aluno\/ajudaaoaluno\/avaliacao-fisica-anamnese\/\">Avalia\u00e7\u00e3o F\u00edsica e Anamnese<\/a><\/li><li><a class=\"pakb-secondary-color\" href=\"https:\/\/ajuda.apppersonalfit.com.br\/aluno\/ajudaaoaluno\/meu-aplicativo-travou-o-que-fazer\/\">Meu aplicativo travou. O que fazer?<\/a><\/li><\/ul><div><a class=\"pakb-muted-color uk-margin-small-top uk-margin-remove-bottom\" href=\"https:\/\/ajuda.apppersonalfit.com.br\/aluno\/kb\/duvidas-gerais\/\">Ver todos 4<\/a><\/div><\/div>\t<\/div><\/div>\n  ","protected":false},"excerpt":{"rendered":"","protected":false},"author":1,"featured_media":0,"parent":0,"menu_order":0,"comment_status":"closed","ping_status":"closed","template":"","meta":{"footnotes":""},"class_list":["post-6","page","type-page","status-publish","hentry"],"_links":{"self":[{"href":"https:\/\/ajuda.apppersonalfit.com.br\/aluno\/wp-json\/wp\/v2\/pages\/6","targetHints":{"allow":["GET"]}}],"collection":[{"href":"https:\/\/ajuda.apppersonalfit.com.br\/aluno\/wp-json\/wp\/v2\/pages"}],"about":[{"href":"https:\/\/ajuda.apppersonalfit.com.br\/aluno\/wp-json\/wp\/v2\/types\/page"}],"author":[{"embeddable":true,"href":"https:\/\/ajuda.apppersonalfit.com.br\/aluno\/wp-json\/wp\/v2\/users\/1"}],"replies":[{"embeddable":true,"href":"https:\/\/ajuda.apppersonalfit.com.br\/aluno\/wp-json\/wp\/v2\/comments?post=6"}],"version-history":[{"count":8,"href":"https:\/\/ajuda.apppersonalfit.com.br\/aluno\/wp-json\/wp\/v2\/pages\/6\/revisions"}],"predecessor-version":[{"id":207,"href":"https:\/\/ajuda.apppersonalfit.com.br\/aluno\/wp-json\/wp\/v2\/pages\/6\/revisions\/207"}],"wp:attachment":[{"href":"https:\/\/ajuda.apppersonalfit.com.br\/aluno\/wp-json\/wp\/v2\/media?parent=6"}],"curies":[{"name":"wp","href":"https:\/\/api.w.org\/{rel}","templated":true}]}}