{"id":358,"date":"2020-06-23T15:58:17","date_gmt":"2020-06-23T18:58:17","guid":{"rendered":"https:\/\/ajuda.apppersonalfit.com.br\/professor\/?page_id=358"},"modified":"2021-10-22T11:43:11","modified_gmt":"2021-10-22T14:43:11","slug":"abertura-de-chamado","status":"publish","type":"page","link":"https:\/\/ajuda.apppersonalfit.com.br\/professor\/abertura-de-chamado\/","title":{"rendered":"Abertura de Chamado de Suporte"},"content":{"rendered":"<h3>Preencha corretamente o formul\u00e1rio abaixo para abrir um chamado de suporte e receber um retorno da nossa equipe:<\/h3>\n<div class=\"wpforms-container wpforms-container-full\" id=\"wpforms-5017\"><form id=\"wpforms-form-5017\" class=\"wpforms-validate wpforms-form wpforms-ajax-form\" data-formid=\"5017\" method=\"post\" enctype=\"multipart\/form-data\" action=\"\/professor\/wp-json\/wp\/v2\/pages\/358?wpforms_form_id=5017\" data-token=\"f96dfc727b98730e41ce210ce26d539c\"><noscript class=\"wpforms-error-noscript\">Ative o JavaScript no seu navegador para preencher este formul\u00e1rio.<\/noscript><div class=\"wpforms-field-container\"><div id=\"wpforms-5017-field_0-container\" class=\"wpforms-field wpforms-field-text\" data-field-id=\"0\"><label class=\"wpforms-field-label\" for=\"wpforms-5017-field_0\">Seu nome: <span class=\"wpforms-required-label\">*<\/span><\/label><input type=\"text\" id=\"wpforms-5017-field_0\" class=\"wpforms-field-large wpforms-field-required\" name=\"wpforms[fields][0]\" required><\/div><div id=\"wpforms-5017-field_2-container\" class=\"wpforms-field wpforms-field-email\" data-field-id=\"2\"><label class=\"wpforms-field-label\" for=\"wpforms-5017-field_2\">Informe seu melhor e-mail: <span class=\"wpforms-required-label\">*<\/span><\/label><input type=\"email\" id=\"wpforms-5017-field_2\" class=\"wpforms-field-medium wpforms-field-required\" name=\"wpforms[fields][2]\" required><\/div><div id=\"wpforms-5017-field_3-container\" class=\"wpforms-field wpforms-field-phone\" data-field-id=\"3\"><label class=\"wpforms-field-label\" for=\"wpforms-5017-field_3\">Informe seu WhatsApp de contato: <span class=\"wpforms-required-label\">*<\/span><\/label><input type=\"tel\" id=\"wpforms-5017-field_3\" class=\"wpforms-field-large wpforms-field-required wpforms-smart-phone-field\" data-rule-smart-phone-field=\"true\" name=\"wpforms[fields][3]\" required><\/div><div id=\"wpforms-5017-field_4-container\" class=\"wpforms-field wpforms-field-text\" data-field-id=\"4\"><label class=\"wpforms-field-label\" for=\"wpforms-5017-field_4\">Assunto do seu chamado: <span class=\"wpforms-required-label\">*<\/span><\/label><input type=\"text\" id=\"wpforms-5017-field_4\" class=\"wpforms-field-medium wpforms-field-required\" name=\"wpforms[fields][4]\" placeholder=\"Informe do que se trata seu chamado\" required><\/div><div id=\"wpforms-5017-field_5-container\" class=\"wpforms-field wpforms-field-textarea\" data-field-id=\"5\"><label class=\"wpforms-field-label\" for=\"wpforms-5017-field_5\">Descreva o problema aqui, ofere\u00e7a o m\u00e1ximo de detalhes poss\u00edvel (obrigat\u00f3rio): <span class=\"wpforms-required-label\">*<\/span><\/label><textarea id=\"wpforms-5017-field_5\" class=\"wpforms-field-medium wpforms-field-required wpforms-limit-characters-enabled\" data-form-id=\"5017\" data-field-id=\"5\" data-text-limit=\"600\" name=\"wpforms[fields][5]\" placeholder=\"O que est\u00e1 acontecendo?\" maxlength=\"600\" required><\/textarea><\/div><div id=\"wpforms-5017-field_6-container\" class=\"wpforms-field wpforms-field-file-upload\" data-field-id=\"6\"><label class=\"wpforms-field-label\" for=\"wpforms-5017-field_6\">Voc\u00ea tem print(s) do ocorrido? Se sim, anexar aqui:<\/label><div\n\t\tclass=\"wpforms-uploader\"\n\t\tdata-field-id=\"6\"\n\t\tdata-form-id=\"5017\"\n\t\tdata-input-name=\"wpforms_5017_6\"\n\t\tdata-extensions=\"jpg,jpeg,png\"\n\t\tdata-max-size=\"5242880\"\n\t\tdata-max-file-number=\"5\"\n\t\tdata-post-max-size=\"52428800\"\n\t\tdata-max-parallel-uploads=\"4\"\n\t\tdata-parallel-uploads=\"true\"\n\t\tdata-file-chunk-size=\"2097152\">\n\t<div class=\"dz-message\">\n\t\t<svg viewBox=\"0 0 1024 1024\" focusable=\"false\" data-icon=\"inbox\" width=\"50px\" height=\"50px\" fill=\"#b1b1b1\" aria-hidden=\"true\">\n\t\t\t<path d=\"M885.2 446.3l-.2-.8-112.2-285.1c-5-16.1-19.9-27.2-36.8-27.2H281.2c-17 0-32.1 11.3-36.9 27.6L139.4 443l-.3.7-.2.8c-1.3 4.9-1.7 9.9-1 14.8-.1 1.6-.2 3.2-.2 4.8V830a60.9 60.9 0 0 0 60.8 60.8h627.2c33.5 0 60.8-27.3 60.9-60.8V464.1c0-1.3 0-2.6-.1-3.7.4-4.9 0-9.6-1.3-14.1zm-295.8-43l-.3 15.7c-.8 44.9-31.8 75.1-77.1 75.1-22.1 0-41.1-7.1-54.8-20.6S436 441.2 435.6 419l-.3-15.7H229.5L309 210h399.2l81.7 193.3H589.4zm-375 76.8h157.3c24.3 57.1 76 90.8 140.4 90.8 33.7 0 65-9.4 90.3-27.2 22.2-15.6 39.5-37.4 50.7-63.6h156.5V814H214.4V480.1z\"><\/path>\n\t\t<\/svg>\n\t\t<span class=\"modern-title\">Clique ou arraste os arquivos para esta \u00e1rea para fazer upload.<\/span>\n\n\t\t\t\t\t<span class=\"modern-hint\">Voc\u00ea pode enviar at\u00e9 5 arquivos.<\/span>\n\t\t\t<\/div>\n<\/div>\n<input\n\t\ttype=\"text\"\n\t\tautocomplete=\"off\"\n\t\tclass=\"dropzone-input\"\n\t\tstyle=\"position:absolute!important;clip:rect(0,0,0,0)!important;height:1px!important;width:1px!important;border:0!important;overflow:hidden!important;padding:0!important;margin:0!important;\"\n\t\tid=\"wpforms-5017-field_6\"\n\t\tname=\"wpforms_5017_6\" \t\tvalue=\"\">\n<\/div><\/div><div class=\"wpforms-recaptcha-container wpforms-is-recaptcha\"><div class=\"g-recaptcha\" data-sitekey=\"6LfMywodAAAAAGizscrebtQ1VdQbMXDOO9YZdikS\"><\/div><input type=\"text\" name=\"g-recaptcha-hidden\" class=\"wpforms-recaptcha-hidden\" style=\"position:absolute!important;clip:rect(0,0,0,0)!important;height:1px!important;width:1px!important;border:0!important;overflow:hidden!important;padding:0!important;margin:0!important;\" required><\/div><div class=\"wpforms-submit-container\"><input type=\"hidden\" name=\"wpforms[id]\" value=\"5017\"><input type=\"hidden\" name=\"wpforms[author]\" value=\"1\"><button type=\"submit\" name=\"wpforms[submit]\" id=\"wpforms-submit-5017\" class=\"wpforms-submit\" data-alt-text=\"Abrindo chamado de suporte...\" data-submit-text=\"ENVIAR E ABRIR CHAMADO DE SUPORTE\" aria-live=\"assertive\" value=\"wpforms-submit\">ENVIAR E ABRIR CHAMADO DE SUPORTE<\/button><img loading=\"lazy\" decoding=\"async\" src=\"https:\/\/ajuda.apppersonalfit.com.br\/professor\/wp-content\/plugins\/wpforms\/assets\/images\/submit-spin.svg\" class=\"wpforms-submit-spinner\" style=\"display: none;\" width=\"26\" height=\"26\" alt=\"Carregando\"><\/div><\/form><\/div>  <!-- .wpforms-container -->\n","protected":false},"excerpt":{"rendered":"<p>Preencha corretamente o formul\u00e1rio abaixo para abrir um chamado de suporte e receber um retorno da nossa equipe:<\/p>\n","protected":false},"author":1,"featured_media":0,"parent":0,"menu_order":0,"comment_status":"closed","ping_status":"closed","template":"","meta":{"footnotes":""},"class_list":["post-358","page","type-page","status-publish","hentry"],"_links":{"self":[{"href":"https:\/\/ajuda.apppersonalfit.com.br\/professor\/wp-json\/wp\/v2\/pages\/358","targetHints":{"allow":["GET"]}}],"collection":[{"href":"https:\/\/ajuda.apppersonalfit.com.br\/professor\/wp-json\/wp\/v2\/pages"}],"about":[{"href":"https:\/\/ajuda.apppersonalfit.com.br\/professor\/wp-json\/wp\/v2\/types\/page"}],"author":[{"embeddable":true,"href":"https:\/\/ajuda.apppersonalfit.com.br\/professor\/wp-json\/wp\/v2\/users\/1"}],"replies":[{"embeddable":true,"href":"https:\/\/ajuda.apppersonalfit.com.br\/professor\/wp-json\/wp\/v2\/comments?post=358"}],"version-history":[{"count":5,"href":"https:\/\/ajuda.apppersonalfit.com.br\/professor\/wp-json\/wp\/v2\/pages\/358\/revisions"}],"predecessor-version":[{"id":5018,"href":"https:\/\/ajuda.apppersonalfit.com.br\/professor\/wp-json\/wp\/v2\/pages\/358\/revisions\/5018"}],"wp:attachment":[{"href":"https:\/\/ajuda.apppersonalfit.com.br\/professor\/wp-json\/wp\/v2\/media?parent=358"}],"curies":[{"name":"wp","href":"https:\/\/api.w.org\/{rel}","templated":true}]}}