{"id":6,"date":"2017-11-29T12:54:12","date_gmt":"2017-11-29T14:54:12","guid":{"rendered":"http:\/\/104.236.16.244\/knowledgebase-1\/?page_id=6"},"modified":"2022-04-10T11:50:10","modified_gmt":"2022-04-10T14:50:10","slug":"inicio","status":"publish","type":"page","link":"https:\/\/ajuda.apppersonalfit.com.br\/professor\/","title":{"rendered":"Bem-vindo(a) \u00e0 Central de Ajuda ao Personal!"},"content":{"rendered":"<div class=\"pakb-section pakb-link pakb-boxes\">\n\t<div class=\"uk-child-width-1-3@m uk-grid-match\" data-uk-grid>\n\t\t<div><div class=\"uk-card uk-card-small uk-card-body uk-card-default uk-border-rounded uk-inline uk-text-center\"><div><a class=\"card-link uk-position-cover\" href=\"https:\/\/ajuda.apppersonalfit.com.br\/professor\/kb\/onboarding\/\"><\/a><\/div><div class=\"pakb-box-icon\"><svg xmlns=\"http:\/\/www.w3.org\/2000\/svg\" viewBox=\"0 0 48 48\" width=\"50\" height=\"50\" fill=\"#666\"><path d=\"M 10 4 L 12 4 L 12 44 L 10 44 Z\" fill=\"#455a64\"\/><path d=\"M 12 6 L 38 19 L 12 32 Z\" fill=\"#ff3d00\"\/><path d=\"M 10 6 L 12 6 L 12 32 L 10 32 Z\" fill=\"#dd2c00\"\/><\/svg><\/div><h2 class=\"uk-card-title pakb-secondary-color\">Comece por aqui<\/h2><p class=\"pakb-muted-color\">Primeiros passos com o seu App Personal Fit<\/p><p class=\"pakb-muted-color\">Ver todos 2<\/p><\/div><\/div><div><div class=\"uk-card uk-card-small uk-card-body uk-card-default uk-border-rounded uk-inline uk-text-center\"><div><a class=\"card-link uk-position-cover\" href=\"https:\/\/ajuda.apppersonalfit.com.br\/professor\/kb\/acesso-ao-app\/\"><\/a><\/div><div class=\"pakb-box-icon\"><svg xmlns=\"http:\/\/www.w3.org\/2000\/svg\" viewBox=\"0 0 48 48\" width=\"50\" height=\"50\" fill=\"#666\"><g fill=\"#1565c0\"><path d=\"M 46.101563 24 L 33 35 L 33 13 Z\"\/><path d=\"M 10 20 L 14 20 L 14 28 L 10 28 Z\"\/><path d=\"M 4 20 L 8 20 L 8 28 L 4 28 Z\"\/><path d=\"M 16 20 L 20 20 L 20 28 L 16 28 Z\"\/><path d=\"M 22 20 L 36 20 L 36 28 L 22 28 Z\"\/><\/g><\/svg><\/div><h2 class=\"uk-card-title pakb-secondary-color\">Acesso ao App<\/h2><p class=\"pakb-muted-color\">Se\u00e7\u00e3o de ajuda relacionada ao acesso\/login do Personal Fit<\/p><p class=\"pakb-muted-color\">Ver todos 9<\/p><\/div><\/div><div><div class=\"uk-card uk-card-small uk-card-body uk-card-default uk-border-rounded uk-inline uk-text-center\"><div><a class=\"card-link uk-position-cover\" href=\"https:\/\/ajuda.apppersonalfit.com.br\/professor\/kb\/configuracoes-e-personalizacao\/\"><\/a><\/div><div class=\"pakb-box-icon\"><svg xmlns=\"http:\/\/www.w3.org\/2000\/svg\" viewBox=\"0 0 48 48\" width=\"50\" height=\"50\" fill=\"#666\"><path d=\"M 22 42 L 22 6 L 26 6 L 26 42 Z M 40 42 L 40 6 L 36 6 L 36 42 Z M 12 42 L 12 6 L 8 6 L 8 42 Z\" fill=\"#cfd8dc\"\/><path d=\"M 36 42 L 36 18 L 40 18 L 40 42 Z M 12 42 L 12 14 L 8 14 L 8 42 Z M 26 42 L 26 31 L 22 31 L 22 42 Z\" fill=\"#ff6d00\"\/><path d=\"M 34 20 L 34 17 C 34 16.5 34.5 16 35 16 L 41 16 C 41.5 16 42 16.5 42 17 L 42 20 C 42 20.5 41.5 21 41 21 L 35 21 C 34.5 21 34 20.5 34 20 Z M 7 17 L 13 17 C 13.601563 17 14 16.5 14 16 L 14 13 C 14 12.398438 13.601563 12 13 12 L 7 12 C 6.398438 12 6 12.398438 6 13 L 6 16 C 6 16.5 6.398438 17 7 17 Z M 21 34 L 27 34 C 27.5 34 28 33.5 28 33 L 28 30 C 28 29.5 27.5 29 27 29 L 21 29 C 20.5 29 20 29.5 20 30 L 20 33 C 20 33.5 20.5 34 21 34 Z\" fill=\"#bf360c\"\/><\/svg><\/div><h2 class=\"uk-card-title pakb-secondary-color\">Configura\u00e7\u00f5es e Personaliza\u00e7\u00e3o<\/h2><p class=\"pakb-muted-color\">Se\u00e7\u00e3o de ajuda relacionada a configura\u00e7\u00f5es e personaliza\u00e7\u00e3o do Personal Fit<\/p><p class=\"pakb-muted-color\">Ver todos 1<\/p><\/div><\/div><div><div class=\"uk-card uk-card-small uk-card-body uk-card-default uk-border-rounded uk-inline uk-text-center\"><div><a class=\"card-link uk-position-cover\" href=\"https:\/\/ajuda.apppersonalfit.com.br\/professor\/kb\/cuidando-dos-alunos\/\"><\/a><\/div><div class=\"pakb-box-icon\"><svg xmlns=\"http:\/\/www.w3.org\/2000\/svg\" viewBox=\"0 0 50 50\" width=\"50\" height=\"50\" fill=\"#666\"><path d=\"M 17 2 C 13.699219 2 11 4.699219 11 8 C 11 9.984375 11.976563 11.75 13.46875 12.84375 C 12.667969 13.246094 11.9375 13.765625 11.3125 14.40625 C 10.585938 14.148438 9.8125 14 9 14 C 5.144531 14 2 17.144531 2 21 C 2 23.449219 3.269531 25.625 5.1875 26.875 C 2.132813 28.320313 0 31.414063 0 35 L 0 39.5 C -0.00390625 39.820313 0.148438 40.121094 0.40625 40.3125 C 0.40625 40.3125 1.113281 40.8125 2.46875 41.21875 C 3.824219 41.625 5.917969 42 9 42 C 12.082031 42 14.175781 41.625 15.53125 41.21875 C 15.707031 41.167969 15.847656 41.117188 16 41.0625 L 16 45.5 C 15.996094 45.820313 16.148438 46.121094 16.40625 46.3125 C 16.40625 46.3125 17.113281 46.8125 18.46875 47.21875 C 19.824219 47.625 21.917969 48 25 48 C 28.082031 48 30.175781 47.625 31.53125 47.21875 C 32.886719 46.8125 33.59375 46.3125 33.59375 46.3125 C 33.851563 46.121094 34.003906 45.820313 34 45.5 L 34 41.0625 C 34.152344 41.117188 34.292969 41.167969 34.46875 41.21875 C 35.824219 41.625 37.917969 42 41 42 C 44.082031 42 46.175781 41.625 47.53125 41.21875 C 48.886719 40.8125 49.59375 40.3125 49.59375 40.3125 C 49.851563 40.121094 50.003906 39.820313 50 39.5 L 50 35 C 50 31.414063 47.867188 28.320313 44.8125 26.875 C 46.730469 25.625 48 23.449219 48 21 C 48 17.144531 44.855469 14 41 14 C 40.128906 14 39.300781 14.175781 38.53125 14.46875 C 37.902344 13.808594 37.160156 13.257813 36.34375 12.84375 C 37.835938 11.75 38.8125 9.984375 38.8125 8 C 38.8125 4.699219 36.113281 2 32.8125 2 C 29.511719 2 26.8125 4.699219 26.8125 8 C 26.8125 9.984375 27.789063 11.75 29.28125 12.84375 C 26.984375 13.976563 25.304688 16.15625 24.90625 18.78125 C 24.507813 16.152344 22.832031 13.972656 20.53125 12.84375 C 22.023438 11.75 23 9.984375 23 8 C 23 4.699219 20.300781 2 17 2 Z M 17 4 C 19.222656 4 21 5.777344 21 8 C 21 10.222656 19.222656 12 17 12 C 14.777344 12 13 10.222656 13 8 C 13 5.777344 14.777344 4 17 4 Z M 32.8125 4 C 35.035156 4 36.8125 5.777344 36.8125 8 C 36.8125 10.222656 35.035156 12 32.8125 12 C 30.589844 12 28.8125 10.222656 28.8125 8 C 28.8125 5.777344 30.589844 4 32.8125 4 Z M 17 14 C 20.371094 14 23 16.628906 23 20 L 23 20.3125 C 20.125 21.183594 18 23.847656 18 27 C 18 29.449219 19.269531 31.625 21.1875 32.875 C 19.933594 33.46875 18.859375 34.339844 18 35.40625 L 18 35 C 18 31.414063 15.867188 28.320313 12.8125 26.875 C 14.730469 25.625 16 23.449219 16 21 C 16 18.71875 14.886719 16.6875 13.1875 15.40625 C 14.226563 14.519531 15.515625 14 17 14 Z M 32.8125 14 C 34.339844 14 35.667969 14.535156 36.71875 15.46875 C 35.070313 16.75 34 18.761719 34 21 C 34 23.449219 35.269531 25.625 37.1875 26.875 C 34.132813 28.320313 32 31.414063 32 35 L 32 35.40625 C 31.140625 34.339844 30.066406 33.46875 28.8125 32.875 C 30.730469 31.625 32 29.449219 32 27 C 32 23.777344 29.789063 21.054688 26.8125 20.25 L 26.8125 20 C 26.8125 16.628906 29.441406 14 32.8125 14 Z M 9 16 C 9.777344 16 10.5 16.1875 11.15625 16.5 C 12.835938 17.304688 14 19.003906 14 21 C 14 23.773438 11.773438 26 9 26 C 6.226563 26 4 23.773438 4 21 C 4 18.226563 6.226563 16 9 16 Z M 41 16 C 43.773438 16 46 18.226563 46 21 C 46 23.773438 43.773438 26 41 26 C 38.226563 26 36 23.773438 36 21 C 36 19.152344 36.988281 17.554688 38.46875 16.6875 C 38.476563 16.683594 38.492188 16.691406 38.5 16.6875 C 38.648438 16.65625 38.785156 16.59375 38.90625 16.5 C 38.941406 16.484375 38.964844 16.453125 39 16.4375 C 39.019531 16.429688 39.042969 16.417969 39.0625 16.40625 C 39.660156 16.152344 40.308594 16 41 16 Z M 25 22 C 27.773438 22 30 24.226563 30 27 C 30 29.773438 27.773438 32 25 32 C 22.226563 32 20 29.773438 20 27 C 20 24.226563 22.226563 22 25 22 Z M 9 28 C 12.855469 28 16 31.144531 16 35 L 16 38.84375 C 15.851563 38.933594 15.792969 39.035156 14.96875 39.28125 C 13.824219 39.625 11.917969 40 9 40 C 6.082031 40 4.175781 39.625 3.03125 39.28125 C 2.207031 39.035156 2.148438 38.933594 2 38.84375 L 2 35 C 2 31.144531 5.144531 28 9 28 Z M 41 28 C 44.855469 28 48 31.144531 48 35 L 48 38.84375 C 47.851563 38.933594 47.792969 39.035156 46.96875 39.28125 C 45.824219 39.625 43.917969 40 41 40 C 38.082031 40 36.175781 39.625 35.03125 39.28125 C 34.207031 39.035156 34.148438 38.933594 34 38.84375 L 34 35 C 34 31.144531 37.144531 28 41 28 Z M 25 34 C 28.855469 34 32 37.144531 32 41 L 32 44.84375 C 31.851563 44.933594 31.792969 45.035156 30.96875 45.28125 C 29.824219 45.625 27.917969 46 25 46 C 22.082031 46 20.175781 45.625 19.03125 45.28125 C 18.207031 45.035156 18.148438 44.933594 18 44.84375 L 18 41 C 18 37.144531 21.144531 34 25 34 Z\"\/><\/svg><\/div><h2 class=\"uk-card-title pakb-secondary-color\">Cuidando dos Alunos<\/h2><p class=\"pakb-muted-color\">Se\u00e7\u00e3o de ajuda com conte\u00fados sobre os Alunos do Personal Fit<\/p><p class=\"pakb-muted-color\">Ver todos 15<\/p><\/div><\/div><div><div class=\"uk-card uk-card-small uk-card-body uk-card-default uk-border-rounded uk-inline uk-text-center\"><div><a class=\"card-link uk-position-cover\" href=\"https:\/\/ajuda.apppersonalfit.com.br\/professor\/kb\/duvidas-gerais\/\"><\/a><\/div><div class=\"pakb-box-icon\"><svg xmlns=\"http:\/\/www.w3.org\/2000\/svg\" viewBox=\"0 0 48 48\" width=\"50\" height=\"50\" fill=\"#666\"><path d=\"M 36 44 L 8 44 L 8 8 L 28 8 L 36 16 Z\" fill=\"#42a5f5\"\/><path d=\"M 40 40 L 12 40 L 12 4 L 32 4 L 40 12 Z\" fill=\"#90caf9\"\/><path d=\"M 38.5 13 L 31 13 L 31 5.5 Z\" fill=\"#e1f5fe\"\/><path d=\"M 24.5 28.300781 C 24.5 23.601563 28.101563 23.898438 28.101563 21.101563 C 28.101563 20.398438 27.898438 19 26.101563 19 C 24.101563 19 24 20.601563 24 21 L 21.300781 21 C 21.300781 20.300781 21.601563 16.800781 26.101563 16.800781 C 30.699219 16.800781 30.800781 20.398438 30.800781 21.101563 C 30.800781 24.601563 27 25.101563 27 28.398438 L 24.5 28.398438 Z M 24.300781 31.800781 C 24.300781 31.601563 24.300781 30.300781 25.800781 30.300781 C 27.199219 30.300781 27.300781 31.601563 27.300781 31.800781 C 27.300781 32.199219 27.101563 33.199219 25.800781 33.199219 C 24.5 33.199219 24.300781 32.199219 24.300781 31.800781 Z\" fill=\"#1976d2\"\/><\/svg><\/div><h2 class=\"uk-card-title pakb-secondary-color\">D\u00favidas Gerais<\/h2><p class=\"pakb-muted-color\">Se\u00e7\u00e3o de ajuda sobre d\u00favidas gerais do Personal Fit<\/p><p class=\"pakb-muted-color\">Ver todos 4<\/p><\/div><\/div><div><div class=\"uk-card uk-card-small uk-card-body uk-card-default uk-border-rounded uk-inline uk-text-center\"><div><a class=\"card-link uk-position-cover\" href=\"https:\/\/ajuda.apppersonalfit.com.br\/professor\/kb\/sua-conta\/\"><\/a><\/div><div class=\"pakb-box-icon\"><svg xmlns=\"http:\/\/www.w3.org\/2000\/svg\" viewBox=\"0 0 48 48\" width=\"50\" height=\"50\" fill=\"#666\"><path d=\"M 40 12 L 22 12 L 18 8 L 8 8 C 5.800781 8 4 9.800781 4 12 L 4 20 L 44 20 L 44 16 C 44 13.800781 42.199219 12 40 12 Z\" fill=\"#ffa000\"\/><path d=\"M 40 12 L 8 12 C 5.800781 12 4 13.800781 4 16 L 4 36 C 4 38.199219 5.800781 40 8 40 L 40 40 C 42.199219 40 44 38.199219 44 36 L 44 16 C 44 13.800781 42.199219 12 40 12 Z\" fill=\"#ffca28\"\/><path d=\"M 15 15 L 33 15 L 33 37 L 15 37 Z\" fill=\"#ffe082\"\/><path d=\"M 24 33 C 21.601563 33 21.5 29.5 21.5 29.5 L 21.5 26.5 L 26.5 26.5 L 26.5 29.5 C 26.5 29.5 26.398438 33 24 33 Z\" fill=\"#ff9800\"\/><path d=\"M 29.5 23.5 C 29.5 24.050781 29.050781 24.5 28.5 24.5 C 27.949219 24.5 27.5 24.050781 27.5 23.5 C 27.5 22.949219 27.949219 22.5 28.5 22.5 C 29.050781 22.5 29.5 22.949219 29.5 23.5 Z\" fill=\"#ffa726\"\/><path d=\"M 20.5 23.5 C 20.5 24.050781 20.050781 24.5 19.5 24.5 C 18.949219 24.5 18.5 24.050781 18.5 23.5 C 18.5 22.949219 18.949219 22.5 19.5 22.5 C 20.050781 22.5 20.5 22.949219 20.5 23.5 Z\" fill=\"#ffa726\"\/><path d=\"M 28.5 20.5 C 28.5 16.699219 19.5 18 19.5 20.5 C 19.5 21 19.5 23.5 19.5 24 C 19.5 26.5 21.5 28.5 24 28.5 C 26.5 28.5 28.5 26.5 28.5 24 C 28.5 23.5 28.5 21 28.5 20.5 Z\" fill=\"#ffb74d\"\/><path d=\"M 24 16 C 21 16 19 18.5 19 21.5 C 19 21.898438 19 22.601563 19 22.601563 L 20 23.5 L 20 21 L 26 19 L 28 21 L 28 23.5 L 29 22.601563 C 29 22.601563 29 21.898438 29 21.5 C 29 19.5 28.5 17.5 26 17 L 25.5 16 Z\" fill=\"#424242\"\/><path d=\"M 26.5 23.5 C 26.5 23.777344 26.277344 24 26 24 C 25.722656 24 25.5 23.777344 25.5 23.5 C 25.5 23.222656 25.722656 23 26 23 C 26.277344 23 26.5 23.222656 26.5 23.5 Z\" fill=\"#784719\"\/><path d=\"M 22.5 23.5 C 22.5 23.777344 22.277344 24 22 24 C 21.722656 24 21.5 23.777344 21.5 23.5 C 21.5 23.222656 21.722656 23 22 23 C 22.277344 23 22.5 23.222656 22.5 23.5 Z\" fill=\"#784719\"\/><path d=\"M 26.5 29.5 C 26.5 29.5 25.601563 30.5 24 30.5 C 22.398438 30.5 21.5 29.5 21.5 29.5 C 21.5 29.5 16 30.5 16 36 L 32 36 C 32 30.5 26.5 29.5 26.5 29.5 Z\" fill=\"#009688\"\/><\/svg><\/div><h2 class=\"uk-card-title pakb-secondary-color\">Sua Conta<\/h2><p class=\"pakb-muted-color\">Se\u00e7\u00e3o de ajuda relacionada a Assinatura do Personal Fit<\/p><p class=\"pakb-muted-color\">Ver todos 3<\/p><\/div><\/div>\t<\/div><\/div>\n  ","protected":false},"excerpt":{"rendered":"","protected":false},"author":1,"featured_media":0,"parent":0,"menu_order":0,"comment_status":"closed","ping_status":"closed","template":"","meta":{"footnotes":""},"class_list":["post-6","page","type-page","status-publish","hentry"],"_links":{"self":[{"href":"https:\/\/ajuda.apppersonalfit.com.br\/professor\/wp-json\/wp\/v2\/pages\/6","targetHints":{"allow":["GET"]}}],"collection":[{"href":"https:\/\/ajuda.apppersonalfit.com.br\/professor\/wp-json\/wp\/v2\/pages"}],"about":[{"href":"https:\/\/ajuda.apppersonalfit.com.br\/professor\/wp-json\/wp\/v2\/types\/page"}],"author":[{"embeddable":true,"href":"https:\/\/ajuda.apppersonalfit.com.br\/professor\/wp-json\/wp\/v2\/users\/1"}],"replies":[{"embeddable":true,"href":"https:\/\/ajuda.apppersonalfit.com.br\/professor\/wp-json\/wp\/v2\/comments?post=6"}],"version-history":[{"count":13,"href":"https:\/\/ajuda.apppersonalfit.com.br\/professor\/wp-json\/wp\/v2\/pages\/6\/revisions"}],"predecessor-version":[{"id":470,"href":"https:\/\/ajuda.apppersonalfit.com.br\/professor\/wp-json\/wp\/v2\/pages\/6\/revisions\/470"}],"wp:attachment":[{"href":"https:\/\/ajuda.apppersonalfit.com.br\/professor\/wp-json\/wp\/v2\/media?parent=6"}],"curies":[{"name":"wp","href":"https:\/\/api.w.org\/{rel}","templated":true}]}}